{"id":596,"date":"2025-08-02T13:25:19","date_gmt":"2025-08-02T11:25:19","guid":{"rendered":"https:\/\/coach-existentiel.fr\/?page_id=596"},"modified":"2025-08-03T16:43:59","modified_gmt":"2025-08-03T14:43:59","slug":"liicv","status":"publish","type":"page","link":"https:\/\/coach-existentiel.fr\/index.php\/liicv\/","title":{"rendered":""},"content":{"rendered":"\t\t<div data-elementor-type=\"wp-page\" data-elementor-id=\"596\" class=\"elementor elementor-596\" data-elementor-post-type=\"page\">\n\t\t\t\t\t\t<section class=\"elementor-section elementor-top-section elementor-element elementor-element-e347676 elementor-section-boxed elementor-section-height-default elementor-section-height-default\" data-id=\"e347676\" data-element_type=\"section\">\n\t\t\t\t\t\t<div class=\"elementor-container elementor-column-gap-default\">\n\t\t\t\t\t<div class=\"elementor-column elementor-col-100 elementor-top-column elementor-element elementor-element-df67d6b\" data-id=\"df67d6b\" data-element_type=\"column\">\n\t\t\t<div class=\"elementor-widget-wrap elementor-element-populated\">\n\t\t\t\t\t\t<div class=\"elementor-element elementor-element-2b3069c elementor-widget elementor-widget-spacer\" data-id=\"2b3069c\" data-element_type=\"widget\" data-widget_type=\"spacer.default\">\n\t\t\t\t<div class=\"elementor-widget-container\">\n\t\t\t\t\t\t\t<div class=\"elementor-spacer\">\n\t\t\t<div class=\"elementor-spacer-inner\"><\/div>\n\t\t<\/div>\n\t\t\t\t\t\t<\/div>\n\t\t\t\t<\/div>\n\t\t\t\t\t<\/div>\n\t\t<\/div>\n\t\t\t\t\t<\/div>\n\t\t<\/section>\n\t\t\t\t<section class=\"elementor-section elementor-top-section elementor-element elementor-element-9820663 elementor-section-boxed elementor-section-height-default elementor-section-height-default\" data-id=\"9820663\" data-element_type=\"section\">\n\t\t\t\t\t\t<div class=\"elementor-container elementor-column-gap-default\">\n\t\t\t\t\t<div class=\"elementor-column elementor-col-100 elementor-top-column elementor-element elementor-element-9983583\" data-id=\"9983583\" data-element_type=\"column\">\n\t\t\t<div class=\"elementor-widget-wrap elementor-element-populated\">\n\t\t\t\t\t\t<div class=\"elementor-element elementor-element-6bb5eff elementor-widget elementor-widget-heading\" data-id=\"6bb5eff\" data-element_type=\"widget\" data-widget_type=\"heading.default\">\n\t\t\t\t<div class=\"elementor-widget-container\">\n\t\t\t\t\t<h4 class=\"elementor-heading-title elementor-size-default\">La Th\u00e9rapie LI-ICV<\/h4>\t\t\t\t<\/div>\n\t\t\t\t<\/div>\n\t\t\t\t\t<\/div>\n\t\t<\/div>\n\t\t\t\t\t<\/div>\n\t\t<\/section>\n\t\t\t\t<section class=\"elementor-section elementor-top-section elementor-element elementor-element-d20d546 elementor-section-boxed elementor-section-height-default elementor-section-height-default\" data-id=\"d20d546\" data-element_type=\"section\">\n\t\t\t\t\t\t<div class=\"elementor-container elementor-column-gap-default\">\n\t\t\t\t\t<div class=\"elementor-column elementor-col-100 elementor-top-column elementor-element elementor-element-808b7d1\" data-id=\"808b7d1\" data-element_type=\"column\">\n\t\t\t<div class=\"elementor-widget-wrap elementor-element-populated\">\n\t\t\t\t\t\t<section class=\"elementor-section elementor-inner-section elementor-element elementor-element-dbb6bb1 elementor-section-boxed elementor-section-height-default elementor-section-height-default\" data-id=\"dbb6bb1\" data-element_type=\"section\">\n\t\t\t\t\t\t<div class=\"elementor-container elementor-column-gap-default\">\n\t\t\t\t\t<div class=\"elementor-column elementor-col-50 elementor-inner-column elementor-element elementor-element-e2cea57\" data-id=\"e2cea57\" data-element_type=\"column\">\n\t\t\t<div class=\"elementor-widget-wrap elementor-element-populated\">\n\t\t\t\t\t\t<div class=\"elementor-element elementor-element-15daee4 elementor-widget elementor-widget-image\" data-id=\"15daee4\" data-element_type=\"widget\" data-widget_type=\"image.default\">\n\t\t\t\t<div class=\"elementor-widget-container\">\n\t\t\t\t\t\t\t\t\t\t\t\t\t\t\t<img fetchpriority=\"high\" decoding=\"async\" width=\"800\" height=\"448\" src=\"https:\/\/coach-existentiel.fr\/wp-content\/uploads\/2025\/08\/Le-temps-1024x574.jpg\" class=\"attachment-large size-large wp-image-613\" alt=\"\" srcset=\"https:\/\/coach-existentiel.fr\/wp-content\/uploads\/2025\/08\/Le-temps-1024x574.jpg 1024w, https:\/\/coach-existentiel.fr\/wp-content\/uploads\/2025\/08\/Le-temps-300x168.jpg 300w, https:\/\/coach-existentiel.fr\/wp-content\/uploads\/2025\/08\/Le-temps-768x430.jpg 768w, https:\/\/coach-existentiel.fr\/wp-content\/uploads\/2025\/08\/Le-temps.jpg 1520w\" sizes=\"(max-width: 800px) 100vw, 800px\" \/>\t\t\t\t\t\t\t\t\t\t\t\t\t\t\t<\/div>\n\t\t\t\t<\/div>\n\t\t\t\t\t<\/div>\n\t\t<\/div>\n\t\t\t\t<div class=\"elementor-column elementor-col-50 elementor-inner-column elementor-element elementor-element-51c05ad\" data-id=\"51c05ad\" data-element_type=\"column\">\n\t\t\t<div class=\"elementor-widget-wrap elementor-element-populated\">\n\t\t\t\t\t\t<div class=\"elementor-element elementor-element-c967b4a elementor-widget-divider--view-line elementor-widget elementor-widget-divider\" data-id=\"c967b4a\" data-element_type=\"widget\" data-widget_type=\"divider.default\">\n\t\t\t\t<div class=\"elementor-widget-container\">\n\t\t\t\t\t\t\t<div class=\"elementor-divider\">\n\t\t\t<span class=\"elementor-divider-separator\">\n\t\t\t\t\t\t<\/span>\n\t\t<\/div>\n\t\t\t\t\t\t<\/div>\n\t\t\t\t<\/div>\n\t\t\t\t<div class=\"elementor-element elementor-element-aca6255 elementor-widget elementor-widget-text-editor\" data-id=\"aca6255\" data-element_type=\"widget\" data-widget_type=\"text-editor.default\">\n\t\t\t\t<div class=\"elementor-widget-container\">\n\t\t\t\t\t\t\t\t\t<p>Peggy PACE, psychologue et th\u00e9rapeute am\u00e9ricaine, a d\u00e9velopp\u00e9, au d\u00e9but des ann\u00e9es 2000, la th\u00e9rapie \u00ab\u00a0Lifespan Integration\u00a0\u00bb, dans le cadre de son activit\u00e9 en lib\u00e9ral avec des personnes traumatis\u00e9es.<\/p><p>La th\u00e9rapie LI-ICV (Lifespan Integration \u2013 Int\u00e9gration du Cycle de Vie) est une th\u00e9rapie psychocorporelle, bas\u00e9e sur la capacit\u00e9 d\u2019autogu\u00e9rison du syst\u00e8me corps &#8211; esprit. Gr\u00e2ce au processus de r\u00e9p\u00e9titions de souvenirs chronologiques de nos vies, la th\u00e9rapie va permettre un renforcement des connexions neuronales au sein de notre syst\u00e8me corps-esprit, afin de construire une cartographie du SOI de plus en plus coh\u00e9rente et ancr\u00e9e dans l\u2019espace et le temps.<\/p>\t\t\t\t\t\t\t\t<\/div>\n\t\t\t\t<\/div>\n\t\t\t\t<div class=\"elementor-element elementor-element-5c0079f elementor-widget-divider--view-line elementor-widget elementor-widget-divider\" data-id=\"5c0079f\" data-element_type=\"widget\" data-widget_type=\"divider.default\">\n\t\t\t\t<div class=\"elementor-widget-container\">\n\t\t\t\t\t\t\t<div class=\"elementor-divider\">\n\t\t\t<span class=\"elementor-divider-separator\">\n\t\t\t\t\t\t<\/span>\n\t\t<\/div>\n\t\t\t\t\t\t<\/div>\n\t\t\t\t<\/div>\n\t\t\t\t\t<\/div>\n\t\t<\/div>\n\t\t\t\t\t<\/div>\n\t\t<\/section>\n\t\t\t\t\t<\/div>\n\t\t<\/div>\n\t\t\t\t\t<\/div>\n\t\t<\/section>\n\t\t\t\t<section class=\"elementor-section elementor-top-section elementor-element elementor-element-50149e1 elementor-section-boxed elementor-section-height-default elementor-section-height-default\" data-id=\"50149e1\" data-element_type=\"section\">\n\t\t\t\t\t\t<div class=\"elementor-container elementor-column-gap-default\">\n\t\t\t\t\t<div class=\"elementor-column elementor-col-50 elementor-top-column elementor-element elementor-element-833d090\" data-id=\"833d090\" data-element_type=\"column\">\n\t\t\t<div class=\"elementor-widget-wrap elementor-element-populated\">\n\t\t\t\t\t\t<div class=\"elementor-element elementor-element-3076fd5 elementor-widget elementor-widget-text-editor\" data-id=\"3076fd5\" data-element_type=\"widget\" data-widget_type=\"text-editor.default\">\n\t\t\t\t<div class=\"elementor-widget-container\">\n\t\t\t\t\t\t\t\t\t<h2 class=\"elementor-heading-title elementor-size-default elementor-inline-editing pen\" style=\"font-family: Poppins, sans-serif; line-height: 30px; color: #252a6a; font-size: 22px; text-align: right;\" data-elementor-setting-key=\"title\" data-pen-placeholder=\"\u00c9crivez ici...\">Comment se passe une s\u00e9ance ?<\/h2>\t\t\t\t\t\t\t\t<\/div>\n\t\t\t\t<\/div>\n\t\t\t\t\t<\/div>\n\t\t<\/div>\n\t\t\t\t<div class=\"elementor-column elementor-col-50 elementor-top-column elementor-element elementor-element-c8c40a9\" data-id=\"c8c40a9\" data-element_type=\"column\">\n\t\t\t<div class=\"elementor-widget-wrap\">\n\t\t\t\t\t\t\t<\/div>\n\t\t<\/div>\n\t\t\t\t\t<\/div>\n\t\t<\/section>\n\t\t\t\t<section class=\"elementor-section elementor-top-section elementor-element elementor-element-e2b003e elementor-section-boxed elementor-section-height-default elementor-section-height-default\" data-id=\"e2b003e\" data-element_type=\"section\">\n\t\t\t\t\t\t<div class=\"elementor-container elementor-column-gap-default\">\n\t\t\t\t\t<div class=\"elementor-column elementor-col-50 elementor-top-column elementor-element elementor-element-ccc137d\" data-id=\"ccc137d\" data-element_type=\"column\">\n\t\t\t<div class=\"elementor-widget-wrap elementor-element-populated\">\n\t\t\t\t\t\t<div class=\"elementor-element elementor-element-09a094c elementor-widget-divider--view-line elementor-widget elementor-widget-divider\" data-id=\"09a094c\" data-element_type=\"widget\" data-widget_type=\"divider.default\">\n\t\t\t\t<div class=\"elementor-widget-container\">\n\t\t\t\t\t\t\t<div class=\"elementor-divider\">\n\t\t\t<span class=\"elementor-divider-separator\">\n\t\t\t\t\t\t<\/span>\n\t\t<\/div>\n\t\t\t\t\t\t<\/div>\n\t\t\t\t<\/div>\n\t\t\t\t<div class=\"elementor-element elementor-element-cc91738 elementor-widget elementor-widget-text-editor\" data-id=\"cc91738\" data-element_type=\"widget\" data-widget_type=\"text-editor.default\">\n\t\t\t\t<div class=\"elementor-widget-container\">\n\t\t\t\t\t\t\t\t\t<p>Au fur et \u00e0 mesure des r\u00e9p\u00e9titions de sa LT, la personne va \u00eatre davantage en mesure de faire le tri dans sa vie, de se restructurer en un \u00eatre entier, coh\u00e9rent et plus en harmonie avec ses aspirations.<\/p><p>Les s\u00e9ances peuvent durer entre 60 et 90 minutes selon l\u2019objectif th\u00e9rapeutique<\/p><p>Les 1\u00e8res s\u00e9ances permettront au th\u00e9rapeute de prendre connaissance de la situation actuelle du client, de la nature de sa demande et de donner quelques informations sur LI-ICV, \u00a0sur le fonctionnement corps-esprit, et bien entendu de r\u00e9pondre aux questions qui pourraient se poser.<\/p><p>Les r\u00e9p\u00e9titions de la Ligne du temps (LT),\u00a0 avec diff\u00e9rents protocoles, seront privil\u00e9gi\u00e9es au cours des s\u00e9ances suivantes. Apr\u00e8s un \u00e9change avec le client sur ce qui s\u2019est pass\u00e9 dans l\u2019inter-s\u00e9ance, le th\u00e9rapeute choisit le protocole adapt\u00e9 et guide les r\u00e9p\u00e9titions de la LT, au cours de la seconde partie.<\/p><p>L\u2019exp\u00e9rience montre que l\u2019utilisation r\u00e9guli\u00e8re et privil\u00e9gi\u00e9e des protocoles LI-ICV d\u2019une s\u00e9ance \u00e0 l\u2019autre optimise la progression th\u00e9rapeutique.<\/p><p>Id\u00e9alement les s\u00e9ances ne devraient pas \u00eatre espac\u00e9es de plus de 2 semaines, au risque de perdre en efficacit\u00e9 et\/ou de prendre plus de temps.<\/p><p><span style=\"font-weight: bolder;\">La th\u00e9rapie LI-ICV n\u2019est pas une th\u00e9rapie br\u00e8ve mais quelques s\u00e9ances peuvent suffire quand le probl\u00e8me est ponctuel, notamment apr\u00e8s la survenue d\u2019un \u00e9v\u00e8nement traumatique unique et circonscrit.<\/span><\/p>\t\t\t\t\t\t\t\t<\/div>\n\t\t\t\t<\/div>\n\t\t\t\t\t<\/div>\n\t\t<\/div>\n\t\t\t\t<div class=\"elementor-column elementor-col-50 elementor-top-column elementor-element elementor-element-aa06521\" data-id=\"aa06521\" data-element_type=\"column\">\n\t\t\t<div class=\"elementor-widget-wrap elementor-element-populated\">\n\t\t\t\t\t\t<div class=\"elementor-element elementor-element-cec0b15 elementor-widget elementor-widget-image\" data-id=\"cec0b15\" data-element_type=\"widget\" data-widget_type=\"image.default\">\n\t\t\t\t<div class=\"elementor-widget-container\">\n\t\t\t\t\t\t\t\t\t\t\t\t\t\t\t<img decoding=\"async\" width=\"800\" height=\"599\" src=\"https:\/\/coach-existentiel.fr\/wp-content\/uploads\/2025\/08\/benjamin-elliott-vc9u77c0LO4-unsplash-1024x767.jpg\" class=\"attachment-large size-large wp-image-599\" alt=\"\" srcset=\"https:\/\/coach-existentiel.fr\/wp-content\/uploads\/2025\/08\/benjamin-elliott-vc9u77c0LO4-unsplash-1024x767.jpg 1024w, https:\/\/coach-existentiel.fr\/wp-content\/uploads\/2025\/08\/benjamin-elliott-vc9u77c0LO4-unsplash-300x225.jpg 300w, https:\/\/coach-existentiel.fr\/wp-content\/uploads\/2025\/08\/benjamin-elliott-vc9u77c0LO4-unsplash-768x576.jpg 768w, https:\/\/coach-existentiel.fr\/wp-content\/uploads\/2025\/08\/benjamin-elliott-vc9u77c0LO4-unsplash-1536x1151.jpg 1536w, https:\/\/coach-existentiel.fr\/wp-content\/uploads\/2025\/08\/benjamin-elliott-vc9u77c0LO4-unsplash-2048x1535.jpg 2048w\" sizes=\"(max-width: 800px) 100vw, 800px\" \/>\t\t\t\t\t\t\t\t\t\t\t\t\t\t\t<\/div>\n\t\t\t\t<\/div>\n\t\t\t\t\t<\/div>\n\t\t<\/div>\n\t\t\t\t\t<\/div>\n\t\t<\/section>\n\t\t\t\t<section class=\"elementor-section elementor-top-section elementor-element elementor-element-398b1ed elementor-section-boxed elementor-section-height-default elementor-section-height-default\" data-id=\"398b1ed\" data-element_type=\"section\">\n\t\t\t\t\t\t<div class=\"elementor-container elementor-column-gap-default\">\n\t\t\t\t\t<div class=\"elementor-column elementor-col-50 elementor-top-column elementor-element elementor-element-b3f6dc3\" data-id=\"b3f6dc3\" data-element_type=\"column\">\n\t\t\t<div class=\"elementor-widget-wrap\">\n\t\t\t\t\t\t\t<\/div>\n\t\t<\/div>\n\t\t\t\t<div class=\"elementor-column elementor-col-50 elementor-top-column elementor-element elementor-element-2a7dba8\" data-id=\"2a7dba8\" data-element_type=\"column\">\n\t\t\t<div class=\"elementor-widget-wrap\">\n\t\t\t\t\t\t\t<\/div>\n\t\t<\/div>\n\t\t\t\t\t<\/div>\n\t\t<\/section>\n\t\t\t\t<\/div>\n\t\t","protected":false},"excerpt":{"rendered":"<p>La Th\u00e9rapie LI-ICV Peggy PACE, psychologue et th\u00e9rapeute am\u00e9ricaine, a d\u00e9velopp\u00e9, au d\u00e9but des ann\u00e9es 2000, la th\u00e9rapie \u00ab\u00a0Lifespan Integration\u00a0\u00bb, dans le cadre de son activit\u00e9 en lib\u00e9ral avec des personnes traumatis\u00e9es. La th\u00e9rapie LI-ICV (Lifespan Integration \u2013 Int\u00e9gration du Cycle de Vie) est une th\u00e9rapie psychocorporelle, bas\u00e9e sur la capacit\u00e9 d\u2019autogu\u00e9rison du syst\u00e8me corps [&hellip;]<\/p>\n","protected":false},"author":2,"featured_media":0,"parent":0,"menu_order":0,"comment_status":"closed","ping_status":"closed","template":"","meta":{"footnotes":""},"class_list":["post-596","page","type-page","status-publish","hentry"],"_links":{"self":[{"href":"https:\/\/coach-existentiel.fr\/index.php\/wp-json\/wp\/v2\/pages\/596","targetHints":{"allow":["GET"]}}],"collection":[{"href":"https:\/\/coach-existentiel.fr\/index.php\/wp-json\/wp\/v2\/pages"}],"about":[{"href":"https:\/\/coach-existentiel.fr\/index.php\/wp-json\/wp\/v2\/types\/page"}],"author":[{"embeddable":true,"href":"https:\/\/coach-existentiel.fr\/index.php\/wp-json\/wp\/v2\/users\/2"}],"replies":[{"embeddable":true,"href":"https:\/\/coach-existentiel.fr\/index.php\/wp-json\/wp\/v2\/comments?post=596"}],"version-history":[{"count":37,"href":"https:\/\/coach-existentiel.fr\/index.php\/wp-json\/wp\/v2\/pages\/596\/revisions"}],"predecessor-version":[{"id":671,"href":"https:\/\/coach-existentiel.fr\/index.php\/wp-json\/wp\/v2\/pages\/596\/revisions\/671"}],"wp:attachment":[{"href":"https:\/\/coach-existentiel.fr\/index.php\/wp-json\/wp\/v2\/media?parent=596"}],"curies":[{"name":"wp","href":"https:\/\/api.w.org\/{rel}","templated":true}]}}