{"id":509,"date":"2022-01-20T19:03:27","date_gmt":"2022-01-20T18:03:27","guid":{"rendered":"https:\/\/coach-existentiel.fr\/?page_id=509"},"modified":"2025-10-05T15:24:09","modified_gmt":"2025-10-05T13:24:09","slug":"articles","status":"publish","type":"page","link":"https:\/\/coach-existentiel.fr\/index.php\/articles\/","title":{"rendered":"Articles"},"content":{"rendered":"\t\t<div data-elementor-type=\"wp-page\" data-elementor-id=\"509\" class=\"elementor elementor-509\" data-elementor-post-type=\"page\">\n\t\t\t\t\t\t<section class=\"elementor-section elementor-top-section elementor-element elementor-element-967516e elementor-section-boxed elementor-section-height-default elementor-section-height-default\" data-id=\"967516e\" data-element_type=\"section\">\n\t\t\t\t\t\t<div class=\"elementor-container elementor-column-gap-default\">\n\t\t\t\t\t<div class=\"elementor-column elementor-col-100 elementor-top-column elementor-element elementor-element-f831965\" data-id=\"f831965\" data-element_type=\"column\">\n\t\t\t<div class=\"elementor-widget-wrap elementor-element-populated\">\n\t\t\t\t\t\t<div class=\"elementor-element elementor-element-eb1d730 elementor-widget elementor-widget-spacer\" data-id=\"eb1d730\" data-element_type=\"widget\" data-widget_type=\"spacer.default\">\n\t\t\t\t<div class=\"elementor-widget-container\">\n\t\t\t\t\t\t\t<div class=\"elementor-spacer\">\n\t\t\t<div class=\"elementor-spacer-inner\"><\/div>\n\t\t<\/div>\n\t\t\t\t\t\t<\/div>\n\t\t\t\t<\/div>\n\t\t\t\t<div class=\"elementor-element elementor-element-9b594d1 elementor-grid-2 elementor-grid-tablet-2 elementor-grid-mobile-1 elementor-posts--thumbnail-top elementor-posts--show-avatar elementor-card-shadow-yes elementor-posts__hover-gradient elementor-widget elementor-widget-posts\" data-id=\"9b594d1\" data-element_type=\"widget\" data-settings=\"{&quot;cards_columns&quot;:&quot;2&quot;,&quot;cards_columns_tablet&quot;:&quot;2&quot;,&quot;cards_columns_mobile&quot;:&quot;1&quot;,&quot;cards_row_gap&quot;:{&quot;unit&quot;:&quot;px&quot;,&quot;size&quot;:35,&quot;sizes&quot;:[]},&quot;cards_row_gap_tablet&quot;:{&quot;unit&quot;:&quot;px&quot;,&quot;size&quot;:&quot;&quot;,&quot;sizes&quot;:[]},&quot;cards_row_gap_mobile&quot;:{&quot;unit&quot;:&quot;px&quot;,&quot;size&quot;:&quot;&quot;,&quot;sizes&quot;:[]}}\" data-widget_type=\"posts.cards\">\n\t\t\t\t<div class=\"elementor-widget-container\">\n\t\t\t\t\t\t\t<div class=\"elementor-posts-container elementor-posts elementor-posts--skin-cards elementor-grid\" role=\"list\">\n\t\t\t\t<article class=\"elementor-post elementor-grid-item post-552 post type-post status-publish format-standard hentry category-non-classe\" role=\"listitem\">\n\t\t\t<div class=\"elementor-post__card\">\n\t\t\t\t<div class=\"elementor-post__text\">\n\t\t\t\t<h3 class=\"elementor-post__title\">\n\t\t\t<a href=\"https:\/\/coach-existentiel.fr\/index.php\/2025\/10\/03\/comment-se-passe-une-seance\/\" >\n\t\t\t\tIntelligence Artificielle et Intelligence Relationnelle\t\t\t<\/a>\n\t\t<\/h3>\n\t\t\t\t<div class=\"elementor-post__excerpt\">\n\t\t\t<p>Intelligence Artificielle et Intelligence Relationnelle. Trois formatrices en LI-ICV (Catherine Cl\u00e9ment, El\u00e9onore Lepez et Laure Mann) nous partagent les sp\u00e9cificit\u00e9s de la posture du th\u00e9rapeute LI-ICV. L&rsquo; IA peut-elle devenir ou non le prochain th\u00e9rapeute LI-ICV ?\u00a0 Interviews r\u00e9alis\u00e9es et r\u00e9dig\u00e9es par Maryline Puyss\u00e9gur et Pascale Rousvoal-Molin.\u00a0 Article \u00e9dit\u00e9 dans la\u00a0newsletter de l&rsquo;Association LI France Ind\u00e9pendante des organismes de formation, LI-France est une association de th\u00e9rapeutes form\u00e9s \u00e0 la th\u00e9rapie LI-ICV. Dans un contexte de tr\u00e8s forte de demande de soins en sant\u00e9 mentale, fleurissent des propositions all\u00e9chantes de prise en charge par des IA g\u00e9n\u00e9ratives<\/p>\n\t\t<\/div>\n\t\t\n\t\t<a class=\"elementor-post__read-more\" href=\"https:\/\/coach-existentiel.fr\/index.php\/2025\/10\/03\/comment-se-passe-une-seance\/\" aria-label=\"En savoir plus sur Intelligence Artificielle et Intelligence Relationnelle\" tabindex=\"-1\" >\n\t\t\tLire la suite \u00bb\t\t<\/a>\n\n\t\t\t\t<\/div>\n\t\t\t\t<div class=\"elementor-post__meta-data\">\n\t\t\t\t\t<span class=\"elementor-post-date\">\n\t\t\t3 octobre 2025\t\t<\/span>\n\t\t\t\t<\/div>\n\t\t\t\t\t<\/div>\n\t\t<\/article>\n\t\t\t\t<article class=\"elementor-post elementor-grid-item post-784 post type-post status-publish format-standard hentry category-non-classe\" role=\"listitem\">\n\t\t\t<div class=\"elementor-post__card\">\n\t\t\t\t<div class=\"elementor-post__text\">\n\t\t\t\t<h3 class=\"elementor-post__title\">\n\t\t\t<a href=\"https:\/\/coach-existentiel.fr\/index.php\/2025\/06\/04\/la-sensorialite-dans-la-ligne-du-temps\/\" >\n\t\t\t\tLa sensorialit\u00e9 dans la Ligne du Temps\t\t\t<\/a>\n\t\t<\/h3>\n\t\t\t\t<div class=\"elementor-post__excerpt\">\n\t\t\t<p>La sensorialit\u00e9 dans la Ligne du Temps. Rencontres avec C\u00e9cile Choimet et Chlo\u00e9 Adrien, deux th\u00e9rapeutes, pour d\u00e9couvrir d&rsquo;autres fa\u00e7ons de \u00ab\u00a0lire\u00a0\u00bb la Ligne du Temps, en particulier pour des patients ayant des particularit\u00e9s sensorielles Interviews r\u00e9alis\u00e9es et r\u00e9dig\u00e9es par Maryline Puyss\u00e9gur et Pascale Rousvoal-Molin.\u00a0 Article \u00e9dit\u00e9 dans la newsletter de l&rsquo;Association LI France Ind\u00e9pendante des organismes de formation, LI-France est une association de th\u00e9rapeutes form\u00e9s \u00e0 la th\u00e9rapie LI-ICV. C\u00e9cile est psychologue clinicienne et psychoth\u00e9rapeute int\u00e9grative, form\u00e9e en psycho traumatologie centr\u00e9e comp\u00e9tences et en LI-ICV. \u00a0Dans sa pratique clinique, elle a parfois \u00e9t\u00e9 confront\u00e9e \u00e0<\/p>\n\t\t<\/div>\n\t\t\n\t\t<a class=\"elementor-post__read-more\" href=\"https:\/\/coach-existentiel.fr\/index.php\/2025\/06\/04\/la-sensorialite-dans-la-ligne-du-temps\/\" aria-label=\"En savoir plus sur La sensorialit\u00e9 dans la Ligne du Temps\" tabindex=\"-1\" >\n\t\t\tLire la suite \u00bb\t\t<\/a>\n\n\t\t\t\t<\/div>\n\t\t\t\t<div class=\"elementor-post__meta-data\">\n\t\t\t\t\t<span class=\"elementor-post-date\">\n\t\t\t4 juin 2025\t\t<\/span>\n\t\t\t\t<\/div>\n\t\t\t\t\t<\/div>\n\t\t<\/article>\n\t\t\t\t<\/div>\n\t\t\n\t\t\t\t\t\t<\/div>\n\t\t\t\t<\/div>\n\t\t\t\t<div class=\"elementor-element elementor-element-6c0486b elementor-widget elementor-widget-spacer\" data-id=\"6c0486b\" data-element_type=\"widget\" data-widget_type=\"spacer.default\">\n\t\t\t\t<div class=\"elementor-widget-container\">\n\t\t\t\t\t\t\t<div class=\"elementor-spacer\">\n\t\t\t<div class=\"elementor-spacer-inner\"><\/div>\n\t\t<\/div>\n\t\t\t\t\t\t<\/div>\n\t\t\t\t<\/div>\n\t\t\t\t\t<\/div>\n\t\t<\/div>\n\t\t\t\t\t<\/div>\n\t\t<\/section>\n\t\t\t\t<section class=\"elementor-section elementor-top-section elementor-element elementor-element-f1bc6a9 elementor-section-boxed elementor-section-height-default elementor-section-height-default\" data-id=\"f1bc6a9\" data-element_type=\"section\">\n\t\t\t\t\t\t<div class=\"elementor-container elementor-column-gap-default\">\n\t\t\t\t\t<div class=\"elementor-column elementor-col-100 elementor-top-column elementor-element elementor-element-fd8bb01\" data-id=\"fd8bb01\" data-element_type=\"column\">\n\t\t\t<div class=\"elementor-widget-wrap\">\n\t\t\t\t\t\t\t<\/div>\n\t\t<\/div>\n\t\t\t\t\t<\/div>\n\t\t<\/section>\n\t\t\t\t<\/div>\n\t\t","protected":false},"excerpt":{"rendered":"","protected":false},"author":4,"featured_media":0,"parent":0,"menu_order":0,"comment_status":"closed","ping_status":"closed","template":"","meta":{"footnotes":""},"class_list":["post-509","page","type-page","status-publish","hentry"],"_links":{"self":[{"href":"https:\/\/coach-existentiel.fr\/index.php\/wp-json\/wp\/v2\/pages\/509","targetHints":{"allow":["GET"]}}],"collection":[{"href":"https:\/\/coach-existentiel.fr\/index.php\/wp-json\/wp\/v2\/pages"}],"about":[{"href":"https:\/\/coach-existentiel.fr\/index.php\/wp-json\/wp\/v2\/types\/page"}],"author":[{"embeddable":true,"href":"https:\/\/coach-existentiel.fr\/index.php\/wp-json\/wp\/v2\/users\/4"}],"replies":[{"embeddable":true,"href":"https:\/\/coach-existentiel.fr\/index.php\/wp-json\/wp\/v2\/comments?post=509"}],"version-history":[{"count":183,"href":"https:\/\/coach-existentiel.fr\/index.php\/wp-json\/wp\/v2\/pages\/509\/revisions"}],"predecessor-version":[{"id":909,"href":"https:\/\/coach-existentiel.fr\/index.php\/wp-json\/wp\/v2\/pages\/509\/revisions\/909"}],"wp:attachment":[{"href":"https:\/\/coach-existentiel.fr\/index.php\/wp-json\/wp\/v2\/media?parent=509"}],"curies":[{"name":"wp","href":"https:\/\/api.w.org\/{rel}","templated":true}]}}