{"id":19,"date":"2021-12-06T09:12:56","date_gmt":"2021-12-06T08:12:56","guid":{"rendered":"https:\/\/coach-existentiel.fr\/?page_id=19"},"modified":"2021-12-30T17:19:35","modified_gmt":"2021-12-30T16:19:35","slug":"entelechia","status":"publish","type":"page","link":"https:\/\/coach-existentiel.fr\/","title":{"rendered":"Ent\u00e9l\u00e9chia"},"content":{"rendered":"\t\t<div data-elementor-type=\"wp-page\" data-elementor-id=\"19\" class=\"elementor elementor-19\" data-elementor-post-type=\"page\">\n\t\t\t\t\t\t<section class=\"elementor-section elementor-top-section elementor-element elementor-element-ea4b828 elementor-section-boxed elementor-section-height-default elementor-section-height-default\" data-id=\"ea4b828\" data-element_type=\"section\">\n\t\t\t\t\t\t<div class=\"elementor-container elementor-column-gap-default\">\n\t\t\t\t\t<div class=\"elementor-column elementor-col-50 elementor-top-column elementor-element elementor-element-1a7ea6b\" data-id=\"1a7ea6b\" data-element_type=\"column\">\n\t\t\t<div class=\"elementor-widget-wrap elementor-element-populated\">\n\t\t\t\t\t\t<div class=\"elementor-element elementor-element-7e4d284 elementor-widget elementor-widget-image\" data-id=\"7e4d284\" data-element_type=\"widget\" data-widget_type=\"image.default\">\n\t\t\t\t<div class=\"elementor-widget-container\">\n\t\t\t\t\t\t\t\t\t\t\t\t\t\t\t<img fetchpriority=\"high\" decoding=\"async\" width=\"800\" height=\"660\" src=\"https:\/\/coach-existentiel.fr\/wp-content\/uploads\/2021\/12\/Groupe-de-masques-6.png\" class=\"attachment-large size-large wp-image-79\" alt=\"\" srcset=\"https:\/\/coach-existentiel.fr\/wp-content\/uploads\/2021\/12\/Groupe-de-masques-6.png 835w, https:\/\/coach-existentiel.fr\/wp-content\/uploads\/2021\/12\/Groupe-de-masques-6-300x248.png 300w, https:\/\/coach-existentiel.fr\/wp-content\/uploads\/2021\/12\/Groupe-de-masques-6-768x634.png 768w\" sizes=\"(max-width: 800px) 100vw, 800px\" \/>\t\t\t\t\t\t\t\t\t\t\t\t\t\t\t<\/div>\n\t\t\t\t<\/div>\n\t\t\t\t\t<\/div>\n\t\t<\/div>\n\t\t\t\t<div class=\"elementor-column elementor-col-50 elementor-top-column elementor-element elementor-element-d7fe664\" data-id=\"d7fe664\" data-element_type=\"column\">\n\t\t\t<div class=\"elementor-widget-wrap elementor-element-populated\">\n\t\t\t\t\t\t<div class=\"elementor-element elementor-element-ad0a371 elementor-widget elementor-widget-text-editor\" data-id=\"ad0a371\" data-element_type=\"widget\" data-widget_type=\"text-editor.default\">\n\t\t\t\t<div class=\"elementor-widget-container\">\n\t\t\t\t\t\t\t\t\t<p>Renouer avec l&rsquo;\u00e9nergie agissante<\/p>\t\t\t\t\t\t\t\t<\/div>\n\t\t\t\t<\/div>\n\t\t\t\t<div class=\"elementor-element elementor-element-fb73874 elementor-widget-divider--view-line elementor-widget elementor-widget-divider\" data-id=\"fb73874\" data-element_type=\"widget\" data-widget_type=\"divider.default\">\n\t\t\t\t<div class=\"elementor-widget-container\">\n\t\t\t\t\t\t\t<div class=\"elementor-divider\">\n\t\t\t<span class=\"elementor-divider-separator\">\n\t\t\t\t\t\t<\/span>\n\t\t<\/div>\n\t\t\t\t\t\t<\/div>\n\t\t\t\t<\/div>\n\t\t\t\t<div class=\"elementor-element elementor-element-fb90ec8 elementor-widget elementor-widget-text-editor\" data-id=\"fb90ec8\" data-element_type=\"widget\" data-widget_type=\"text-editor.default\">\n\t\t\t\t<div class=\"elementor-widget-container\">\n\t\t\t\t\t\t\t\t\t<p>Edgar Morin parle \u00ab\u00a0d&rsquo;intoxication cognitive g\u00e9n\u00e9ralis\u00e9e\u00a0\u00bb&nbsp;<span style=\"color: var( --e-global-color-text ); font-family: var( --e-global-typography-text-font-family ), Sans-serif; font-weight: var( --e-global-typography-text-font-weight ); font-size: 1rem;\">pour d\u00e9crire le monde actuel, hant\u00e9 par le souci&nbsp;<\/span><span style=\"color: var( --e-global-color-text ); font-family: var( --e-global-typography-text-font-family ), Sans-serif; font-weight: var( --e-global-typography-text-font-weight ); font-size: 1rem;\">de l&rsquo;efficacit\u00e9, du rendement, de la production utile,&nbsp;<\/span><span style=\"color: var( --e-global-color-text ); font-family: var( --e-global-typography-text-font-family ), Sans-serif; font-weight: var( --e-global-typography-text-font-weight ); font-size: 1rem;\">l&rsquo;obsession du quantitatif&#8230;<\/span><\/p>\t\t\t\t\t\t\t\t<\/div>\n\t\t\t\t<\/div>\n\t\t\t\t<div class=\"elementor-element elementor-element-dbd2d3d elementor-widget elementor-widget-text-editor\" data-id=\"dbd2d3d\" data-element_type=\"widget\" data-widget_type=\"text-editor.default\">\n\t\t\t\t<div class=\"elementor-widget-container\">\n\t\t\t\t\t\t\t\t\t<p>Vous avez les ressources en vous&nbsp;<span style=\"color: var( --e-global-color-text ); font-family: var( --e-global-typography-primary-font-family ), Sans-serif; font-size: var( --e-global-typography-primary-font-size ); font-weight: var( --e-global-typography-primary-font-weight );\">pour faire face \u00e0 ces situations\u2009!<\/span><\/p>\t\t\t\t\t\t\t\t<\/div>\n\t\t\t\t<\/div>\n\t\t\t\t<div class=\"elementor-element elementor-element-da0397b elementor-widget-divider--view-line elementor-widget elementor-widget-divider\" data-id=\"da0397b\" data-element_type=\"widget\" data-widget_type=\"divider.default\">\n\t\t\t\t<div class=\"elementor-widget-container\">\n\t\t\t\t\t\t\t<div class=\"elementor-divider\">\n\t\t\t<span class=\"elementor-divider-separator\">\n\t\t\t\t\t\t<\/span>\n\t\t<\/div>\n\t\t\t\t\t\t<\/div>\n\t\t\t\t<\/div>\n\t\t\t\t\t<\/div>\n\t\t<\/div>\n\t\t\t\t\t<\/div>\n\t\t<\/section>\n\t\t\t\t<section class=\"elementor-section elementor-top-section elementor-element elementor-element-1a6cba2 elementor-section-boxed elementor-section-height-default elementor-section-height-default\" data-id=\"1a6cba2\" data-element_type=\"section\">\n\t\t\t\t\t\t<div class=\"elementor-container elementor-column-gap-default\">\n\t\t\t\t\t<div class=\"elementor-column elementor-col-50 elementor-top-column elementor-element elementor-element-0a1c473\" data-id=\"0a1c473\" data-element_type=\"column\">\n\t\t\t<div class=\"elementor-widget-wrap elementor-element-populated\">\n\t\t\t\t\t\t<div class=\"elementor-element elementor-element-09c1b8b elementor-widget elementor-widget-text-editor\" data-id=\"09c1b8b\" data-element_type=\"widget\" data-widget_type=\"text-editor.default\">\n\t\t\t\t<div class=\"elementor-widget-container\">\n\t\t\t\t\t\t\t\t\t<p>Quels que soient les \u00e9v\u00e8nements de vie qui vous ont conduit ici,\u00a0<span style=\"color: var( --e-global-color-text ); font-family: var( --e-global-typography-primary-font-family ), Sans-serif; font-size: var( --e-global-typography-primary-font-size ); font-weight: var( --e-global-typography-primary-font-weight );\">je ne peux que vous encourager \u00e0 poursuivre votre qu\u00eate.<\/span><\/p>\t\t\t\t\t\t\t\t<\/div>\n\t\t\t\t<\/div>\n\t\t\t\t<div class=\"elementor-element elementor-element-8993c31 elementor-widget-divider--view-line elementor-widget elementor-widget-divider\" data-id=\"8993c31\" data-element_type=\"widget\" data-widget_type=\"divider.default\">\n\t\t\t\t<div class=\"elementor-widget-container\">\n\t\t\t\t\t\t\t<div class=\"elementor-divider\">\n\t\t\t<span class=\"elementor-divider-separator\">\n\t\t\t\t\t\t<\/span>\n\t\t<\/div>\n\t\t\t\t\t\t<\/div>\n\t\t\t\t<\/div>\n\t\t\t\t<div class=\"elementor-element elementor-element-1ad2533 elementor-widget elementor-widget-text-editor\" data-id=\"1ad2533\" data-element_type=\"widget\" data-widget_type=\"text-editor.default\">\n\t\t\t\t<div class=\"elementor-widget-container\">\n\t\t\t\t\t\t\t\t\t<p>Si vous regardez ces pages, au del\u00e0 de la simple curiosit\u00e9,&nbsp;<span style=\"color: var( --e-global-color-text ); font-family: var( --e-global-typography-text-font-family ), Sans-serif; font-weight: var( --e-global-typography-text-font-weight ); font-size: 1rem;\">il est probable que vous ayez d\u00e9j\u00e0 engag\u00e9 un questionnement.&nbsp;<\/span><span style=\"color: var( --e-global-color-text ); font-family: var( --e-global-typography-text-font-family ), Sans-serif; font-weight: var( --e-global-typography-text-font-weight ); font-size: 1rem;\">C\u2019est le 1er pas sur le chemin de la connaissance de soi&nbsp;<\/span><span style=\"color: var( --e-global-color-text ); font-family: var( --e-global-typography-text-font-family ), Sans-serif; font-weight: var( --e-global-typography-text-font-weight ); font-size: 1rem;\">et bien souvent de la reprise en main de sa vie.<\/span><\/p>\t\t\t\t\t\t\t\t<\/div>\n\t\t\t\t<\/div>\n\t\t\t\t<div class=\"elementor-element elementor-element-40c8b61 elementor-widget elementor-widget-text-editor\" data-id=\"40c8b61\" data-element_type=\"widget\" data-widget_type=\"text-editor.default\">\n\t\t\t\t<div class=\"elementor-widget-container\">\n\t\t\t\t\t\t\t\t\t<p>Nous d\u00e9finirons ensemble le meilleur chemin\u00a0<span style=\"color: var( --e-global-color-text ); font-family: var( --e-global-typography-text-font-family ), Sans-serif; font-weight: var( --e-global-typography-text-font-weight ); font-size: 1rem;\">pour les identifier, par une approche r\u00e9solument pragmatique,\u00a0<\/span><span style=\"color: var( --e-global-color-text ); font-family: var( --e-global-typography-text-font-family ), Sans-serif; font-weight: var( --e-global-typography-text-font-weight ); font-size: 1rem;\">centr\u00e9e sur ce qui d\u00e9pend de vous, un questionnement\u00a0<\/span><span style=\"color: var( --e-global-color-text ); font-family: var( --e-global-typography-text-font-family ), Sans-serif; font-weight: var( --e-global-typography-text-font-weight ); font-size: 1rem;\">du sens (coaching existentiel) et ou un travail\u00a0<\/span><span style=\"color: var( --e-global-color-text ); font-family: var( --e-global-typography-text-font-family ), Sans-serif; font-weight: var( --e-global-typography-text-font-weight ); font-size: 1rem;\">sur les m\u00e9moires (th\u00e9rapie EMDR).<\/span><\/p>\t\t\t\t\t\t\t\t<\/div>\n\t\t\t\t<\/div>\n\t\t\t\t<div class=\"elementor-element elementor-element-4d1f5a7 elementor-widget-divider--view-line elementor-widget elementor-widget-divider\" data-id=\"4d1f5a7\" data-element_type=\"widget\" data-widget_type=\"divider.default\">\n\t\t\t\t<div class=\"elementor-widget-container\">\n\t\t\t\t\t\t\t<div class=\"elementor-divider\">\n\t\t\t<span class=\"elementor-divider-separator\">\n\t\t\t\t\t\t<\/span>\n\t\t<\/div>\n\t\t\t\t\t\t<\/div>\n\t\t\t\t<\/div>\n\t\t\t\t\t<\/div>\n\t\t<\/div>\n\t\t\t\t<div class=\"elementor-column elementor-col-50 elementor-top-column elementor-element elementor-element-cc05c80\" data-id=\"cc05c80\" data-element_type=\"column\" data-settings=\"{&quot;background_background&quot;:&quot;classic&quot;}\">\n\t\t\t<div class=\"elementor-widget-wrap elementor-element-populated\">\n\t\t\t\t\t\t<div class=\"elementor-element elementor-element-58c3111 elementor-widget elementor-widget-image\" data-id=\"58c3111\" data-element_type=\"widget\" data-widget_type=\"image.default\">\n\t\t\t\t<div class=\"elementor-widget-container\">\n\t\t\t\t\t\t\t\t\t\t\t\t\t\t\t<img decoding=\"async\" width=\"800\" height=\"466\" src=\"https:\/\/coach-existentiel.fr\/wp-content\/uploads\/2021\/12\/Groupe-de-masques-7.png\" class=\"attachment-large size-large wp-image-80\" alt=\"\" srcset=\"https:\/\/coach-existentiel.fr\/wp-content\/uploads\/2021\/12\/Groupe-de-masques-7.png 817w, https:\/\/coach-existentiel.fr\/wp-content\/uploads\/2021\/12\/Groupe-de-masques-7-300x175.png 300w, https:\/\/coach-existentiel.fr\/wp-content\/uploads\/2021\/12\/Groupe-de-masques-7-768x447.png 768w\" sizes=\"(max-width: 800px) 100vw, 800px\" \/>\t\t\t\t\t\t\t\t\t\t\t\t\t\t\t<\/div>\n\t\t\t\t<\/div>\n\t\t\t\t\t<\/div>\n\t\t<\/div>\n\t\t\t\t\t<\/div>\n\t\t<\/section>\n\t\t\t\t<section class=\"elementor-section elementor-top-section elementor-element elementor-element-e98808f elementor-section-boxed elementor-section-height-default elementor-section-height-default\" data-id=\"e98808f\" data-element_type=\"section\">\n\t\t\t\t\t\t<div class=\"elementor-container elementor-column-gap-default\">\n\t\t\t\t\t<div class=\"elementor-column elementor-col-50 elementor-top-column elementor-element elementor-element-61a8b4b\" data-id=\"61a8b4b\" data-element_type=\"column\" data-settings=\"{&quot;background_background&quot;:&quot;classic&quot;}\">\n\t\t\t<div class=\"elementor-widget-wrap elementor-element-populated\">\n\t\t\t\t\t\t<div class=\"elementor-element elementor-element-ba60024 elementor-widget elementor-widget-text-editor\" data-id=\"ba60024\" data-element_type=\"widget\" data-widget_type=\"text-editor.default\">\n\t\t\t\t<div class=\"elementor-widget-container\">\n\t\t\t\t\t\t\t\t\t<p>Ne vous arr\u00eatez pas,\u00a0<span style=\"color: var( --e-global-color-text ); font-family: var( --e-global-typography-primary-font-family ), Sans-serif; font-size: var( --e-global-typography-primary-font-size ); font-weight: var( --e-global-typography-primary-font-weight );\">le meilleur est \u00e0 venir.<\/span><\/p>\t\t\t\t\t\t\t\t<\/div>\n\t\t\t\t<\/div>\n\t\t\t\t\t<\/div>\n\t\t<\/div>\n\t\t\t\t<div class=\"elementor-column elementor-col-50 elementor-top-column elementor-element elementor-element-4b83752\" data-id=\"4b83752\" data-element_type=\"column\">\n\t\t\t<div class=\"elementor-widget-wrap elementor-element-populated\">\n\t\t\t\t\t\t<div class=\"elementor-element elementor-element-fae9239 elementor-widget elementor-widget-text-editor\" data-id=\"fae9239\" data-element_type=\"widget\" data-widget_type=\"text-editor.default\">\n\t\t\t\t<div class=\"elementor-widget-container\">\n\t\t\t\t\t\t\t\t\t<p>Avec plus de 25 ans en entreprise, comme DRH, formatrice et coach, j&rsquo;ai une sensibilit\u00e9 particuli\u00e8re pour les situations en lien avec le travail &amp; la recherche du chemin de vie. Les bienfaits d&rsquo;un accompagnement, quel que soit la forme qu&rsquo;il prend, sont d&rsquo;abord dans la relation qui s&rsquo;\u00e9tablit et va se construire avec le praticien.<\/p>\t\t\t\t\t\t\t\t<\/div>\n\t\t\t\t<\/div>\n\t\t\t\t<div class=\"elementor-element elementor-element-3e85a34 elementor-widget elementor-widget-text-editor\" data-id=\"3e85a34\" data-element_type=\"widget\" data-widget_type=\"text-editor.default\">\n\t\t\t\t<div class=\"elementor-widget-container\">\n\t\t\t\t\t\t\t\t\t<p><span style=\"color: var( --e-global-color-text ); font-family: var( --e-global-typography-text-font-family ), Sans-serif; font-weight: var( --e-global-typography-text-font-weight ); font-size: 1rem;\">Aussi, n&rsquo;h\u00e9sitez pas \u00e0 me\u00a0<\/span><a href=\"https:\/\/coach-existentiel.fr\/index.php\/contact\/\" target=\"_blank\" rel=\"noopener\">contacter<\/a><span style=\"color: var( --e-global-color-text ); font-family: var( --e-global-typography-text-font-family ), Sans-serif; font-weight: var( --e-global-typography-text-font-weight ); font-size: 1rem;\">\u00a0pour un 1er \u00e9change, si cela vous semble utile !<\/span><\/p>\t\t\t\t\t\t\t\t<\/div>\n\t\t\t\t<\/div>\n\t\t\t\t\t<\/div>\n\t\t<\/div>\n\t\t\t\t\t<\/div>\n\t\t<\/section>\n\t\t\t\t<\/div>\n\t\t","protected":false},"excerpt":{"rendered":"<p>Renouer avec l&rsquo;\u00e9nergie agissante Edgar Morin parle \u00ab\u00a0d&rsquo;intoxication cognitive g\u00e9n\u00e9ralis\u00e9e\u00a0\u00bb&nbsp;pour d\u00e9crire le monde actuel, hant\u00e9 par le souci&nbsp;de l&rsquo;efficacit\u00e9, du rendement, de la production utile,&nbsp;l&rsquo;obsession du quantitatif&#8230; Vous avez les ressources en vous&nbsp;pour faire face \u00e0 ces situations\u2009! Quels que soient les \u00e9v\u00e8nements de vie qui vous ont conduit ici,\u00a0je ne peux que vous encourager [&hellip;]<\/p>\n","protected":false},"author":4,"featured_media":43,"parent":0,"menu_order":0,"comment_status":"closed","ping_status":"closed","template":"","meta":{"footnotes":""},"class_list":["post-19","page","type-page","status-publish","has-post-thumbnail","hentry"],"_links":{"self":[{"href":"https:\/\/coach-existentiel.fr\/index.php\/wp-json\/wp\/v2\/pages\/19","targetHints":{"allow":["GET"]}}],"collection":[{"href":"https:\/\/coach-existentiel.fr\/index.php\/wp-json\/wp\/v2\/pages"}],"about":[{"href":"https:\/\/coach-existentiel.fr\/index.php\/wp-json\/wp\/v2\/types\/page"}],"author":[{"embeddable":true,"href":"https:\/\/coach-existentiel.fr\/index.php\/wp-json\/wp\/v2\/users\/4"}],"replies":[{"embeddable":true,"href":"https:\/\/coach-existentiel.fr\/index.php\/wp-json\/wp\/v2\/comments?post=19"}],"version-history":[{"count":50,"href":"https:\/\/coach-existentiel.fr\/index.php\/wp-json\/wp\/v2\/pages\/19\/revisions"}],"predecessor-version":[{"id":489,"href":"https:\/\/coach-existentiel.fr\/index.php\/wp-json\/wp\/v2\/pages\/19\/revisions\/489"}],"wp:featuredmedia":[{"embeddable":true,"href":"https:\/\/coach-existentiel.fr\/index.php\/wp-json\/wp\/v2\/media\/43"}],"wp:attachment":[{"href":"https:\/\/coach-existentiel.fr\/index.php\/wp-json\/wp\/v2\/media?parent=19"}],"curies":[{"name":"wp","href":"https:\/\/api.w.org\/{rel}","templated":true}]}}