{"id":121,"date":"2021-12-08T04:11:50","date_gmt":"2021-12-08T03:11:50","guid":{"rendered":"https:\/\/coach-existentiel.fr\/?page_id=121"},"modified":"2022-02-15T18:32:31","modified_gmt":"2022-02-15T17:32:31","slug":"coaching-professionnel","status":"publish","type":"page","link":"https:\/\/coach-existentiel.fr\/index.php\/coaching-professionnel\/","title":{"rendered":"Coaching professionnel"},"content":{"rendered":"\t\t<div data-elementor-type=\"wp-page\" data-elementor-id=\"121\" class=\"elementor elementor-121\" data-elementor-post-type=\"page\">\n\t\t\t\t\t\t<section class=\"elementor-section elementor-top-section elementor-element elementor-element-c264d00 elementor-section-boxed elementor-section-height-default elementor-section-height-default\" data-id=\"c264d00\" data-element_type=\"section\">\n\t\t\t\t\t\t<div class=\"elementor-container elementor-column-gap-default\">\n\t\t\t\t\t<div class=\"elementor-column elementor-col-50 elementor-top-column elementor-element elementor-element-3a06675\" data-id=\"3a06675\" data-element_type=\"column\">\n\t\t\t<div class=\"elementor-widget-wrap elementor-element-populated\">\n\t\t\t\t\t\t<div class=\"elementor-element elementor-element-a174b98 elementor-widget elementor-widget-image\" data-id=\"a174b98\" data-element_type=\"widget\" data-widget_type=\"image.default\">\n\t\t\t\t<div class=\"elementor-widget-container\">\n\t\t\t\t\t\t\t\t\t\t\t\t\t\t\t<img fetchpriority=\"high\" decoding=\"async\" width=\"800\" height=\"426\" src=\"https:\/\/coach-existentiel.fr\/wp-content\/uploads\/2021\/12\/Groupe-118.png\" class=\"attachment-large size-large wp-image-71\" alt=\"\" srcset=\"https:\/\/coach-existentiel.fr\/wp-content\/uploads\/2021\/12\/Groupe-118.png 810w, https:\/\/coach-existentiel.fr\/wp-content\/uploads\/2021\/12\/Groupe-118-300x160.png 300w, https:\/\/coach-existentiel.fr\/wp-content\/uploads\/2021\/12\/Groupe-118-768x409.png 768w\" sizes=\"(max-width: 800px) 100vw, 800px\" \/>\t\t\t\t\t\t\t\t\t\t\t\t\t\t\t<\/div>\n\t\t\t\t<\/div>\n\t\t\t\t\t<\/div>\n\t\t<\/div>\n\t\t\t\t<div class=\"elementor-column elementor-col-50 elementor-top-column elementor-element elementor-element-1996ddc\" data-id=\"1996ddc\" data-element_type=\"column\">\n\t\t\t<div class=\"elementor-widget-wrap elementor-element-populated\">\n\t\t\t\t\t\t<div class=\"elementor-element elementor-element-0664c8a elementor-widget elementor-widget-text-editor\" data-id=\"0664c8a\" data-element_type=\"widget\" data-widget_type=\"text-editor.default\">\n\t\t\t\t<div class=\"elementor-widget-container\">\n\t\t\t\t\t\t\t\t\t<p>Coaching professionnel<\/p>\t\t\t\t\t\t\t\t<\/div>\n\t\t\t\t<\/div>\n\t\t\t\t<div class=\"elementor-element elementor-element-5a0a708 elementor-widget-divider--view-line elementor-widget elementor-widget-divider\" data-id=\"5a0a708\" data-element_type=\"widget\" data-widget_type=\"divider.default\">\n\t\t\t\t<div class=\"elementor-widget-container\">\n\t\t\t\t\t\t\t<div class=\"elementor-divider\">\n\t\t\t<span class=\"elementor-divider-separator\">\n\t\t\t\t\t\t<\/span>\n\t\t<\/div>\n\t\t\t\t\t\t<\/div>\n\t\t\t\t<\/div>\n\t\t\t\t<div class=\"elementor-element elementor-element-7b6960b elementor-widget elementor-widget-heading\" data-id=\"7b6960b\" data-element_type=\"widget\" data-widget_type=\"heading.default\">\n\t\t\t\t<div class=\"elementor-widget-container\">\n\t\t\t\t\t<h2 class=\"elementor-heading-title elementor-size-default\">Exploiter le meilleur de soi, optimiser ses talents, \navancer vers une version de soi-m\u00eame qui fait sens.<\/h2>\t\t\t\t<\/div>\n\t\t\t\t<\/div>\n\t\t\t\t<div class=\"elementor-element elementor-element-38ee6b7 elementor-widget-divider--view-line elementor-widget elementor-widget-divider\" data-id=\"38ee6b7\" data-element_type=\"widget\" data-widget_type=\"divider.default\">\n\t\t\t\t<div class=\"elementor-widget-container\">\n\t\t\t\t\t\t\t<div class=\"elementor-divider\">\n\t\t\t<span class=\"elementor-divider-separator\">\n\t\t\t\t\t\t<\/span>\n\t\t<\/div>\n\t\t\t\t\t\t<\/div>\n\t\t\t\t<\/div>\n\t\t\t\t\t<\/div>\n\t\t<\/div>\n\t\t\t\t\t<\/div>\n\t\t<\/section>\n\t\t\t\t<section class=\"elementor-section elementor-top-section elementor-element elementor-element-47f9dde elementor-section-boxed elementor-section-height-default elementor-section-height-default\" data-id=\"47f9dde\" data-element_type=\"section\" data-settings=\"{&quot;background_motion_fx_translateY_effect&quot;:&quot;yes&quot;,&quot;background_motion_fx_translateY_speed&quot;:{&quot;unit&quot;:&quot;px&quot;,&quot;size&quot;:2,&quot;sizes&quot;:[]},&quot;background_motion_fx_translateY_affectedRange&quot;:{&quot;unit&quot;:&quot;%&quot;,&quot;size&quot;:&quot;&quot;,&quot;sizes&quot;:{&quot;start&quot;:0,&quot;end&quot;:100}},&quot;background_motion_fx_devices&quot;:[&quot;desktop&quot;,&quot;tablet&quot;,&quot;mobile&quot;]}\">\n\t\t\t\t\t\t<div class=\"elementor-container elementor-column-gap-default\">\n\t\t\t\t\t<div class=\"elementor-column elementor-col-100 elementor-top-column elementor-element elementor-element-b21ca7f\" data-id=\"b21ca7f\" data-element_type=\"column\" data-settings=\"{&quot;background_background&quot;:&quot;classic&quot;,&quot;background_motion_fx_motion_fx_scrolling&quot;:&quot;yes&quot;,&quot;background_motion_fx_translateY_effect&quot;:&quot;yes&quot;,&quot;background_motion_fx_translateY_speed&quot;:{&quot;unit&quot;:&quot;px&quot;,&quot;size&quot;:2,&quot;sizes&quot;:[]},&quot;background_motion_fx_translateY_affectedRange&quot;:{&quot;unit&quot;:&quot;%&quot;,&quot;size&quot;:&quot;&quot;,&quot;sizes&quot;:{&quot;start&quot;:0,&quot;end&quot;:100}},&quot;background_motion_fx_devices&quot;:[&quot;desktop&quot;,&quot;tablet&quot;,&quot;mobile&quot;]}\">\n\t\t\t<div class=\"elementor-widget-wrap elementor-element-populated\">\n\t\t\t\t\t\t<div class=\"elementor-element elementor-element-56b46d3 elementor-widget elementor-widget-heading\" data-id=\"56b46d3\" data-element_type=\"widget\" data-widget_type=\"heading.default\">\n\t\t\t\t<div class=\"elementor-widget-container\">\n\t\t\t\t\t<h2 class=\"elementor-heading-title elementor-size-default\">Quoi ?<\/h2>\t\t\t\t<\/div>\n\t\t\t\t<\/div>\n\t\t\t\t<div class=\"elementor-element elementor-element-7fb86d1 elementor-widget elementor-widget-text-editor\" data-id=\"7fb86d1\" data-element_type=\"widget\" data-widget_type=\"text-editor.default\">\n\t\t\t\t<div class=\"elementor-widget-container\">\n\t\t\t\t\t\t\t\t\t<p>Le coaching est un processus de \u00ab\u00a0d\u00e9s-alt\u00e9ration\u00a0\u00bb &#8211; selon Jean-Louis Fonvillars &#8211; qui accompagne et soutient la personne dans son questionnement et son incertitude : s&rsquo;ouvrir au possible, \u00e9clairer l&rsquo;invisible, r\u00e9fl\u00e9chir \u00e0 soi et douter&#8230; pour se revivifier!<\/p>\t\t\t\t\t\t\t\t<\/div>\n\t\t\t\t<\/div>\n\t\t\t\t<div class=\"elementor-element elementor-element-e43cd99 elementor-widget elementor-widget-text-editor\" data-id=\"e43cd99\" data-element_type=\"widget\" data-widget_type=\"text-editor.default\">\n\t\t\t\t<div class=\"elementor-widget-container\">\n\t\t\t\t\t\t\t\t\t<p>\u00ab\u2009L\u2019esprit est le seul oiseau qui cr\u00e9e sa propre cage\u2009\u00bb\u00a0<\/p><p>Sacha Guitry<\/p>\t\t\t\t\t\t\t\t<\/div>\n\t\t\t\t<\/div>\n\t\t\t\t\t<\/div>\n\t\t<\/div>\n\t\t\t\t\t<\/div>\n\t\t<\/section>\n\t\t\t\t<section class=\"elementor-section elementor-top-section elementor-element elementor-element-22d4bd7 elementor-section-boxed elementor-section-height-default elementor-section-height-default\" data-id=\"22d4bd7\" data-element_type=\"section\">\n\t\t\t\t\t\t<div class=\"elementor-container elementor-column-gap-default\">\n\t\t\t\t\t<div class=\"elementor-column elementor-col-100 elementor-top-column elementor-element elementor-element-671459e\" data-id=\"671459e\" data-element_type=\"column\">\n\t\t\t<div class=\"elementor-widget-wrap elementor-element-populated\">\n\t\t\t\t\t\t<div class=\"elementor-element elementor-element-364b02e elementor-widget elementor-widget-heading\" data-id=\"364b02e\" data-element_type=\"widget\" data-widget_type=\"heading.default\">\n\t\t\t\t<div class=\"elementor-widget-container\">\n\t\t\t\t\t<h2 class=\"elementor-heading-title elementor-size-default\">Quand ?<\/h2>\t\t\t\t<\/div>\n\t\t\t\t<\/div>\n\t\t\t\t<div class=\"elementor-element elementor-element-242a2be elementor-icon-list--layout-traditional elementor-list-item-link-full_width elementor-widget elementor-widget-icon-list\" data-id=\"242a2be\" data-element_type=\"widget\" data-widget_type=\"icon-list.default\">\n\t\t\t\t<div class=\"elementor-widget-container\">\n\t\t\t\t\t\t\t<ul class=\"elementor-icon-list-items\">\n\t\t\t\t\t\t\t<li class=\"elementor-icon-list-item\">\n\t\t\t\t\t\t\t\t\t\t\t<span class=\"elementor-icon-list-icon\">\n\t\t\t\t\t\t\t<svg xmlns=\"http:\/\/www.w3.org\/2000\/svg\" width=\"15.321\" height=\"14.071\" viewBox=\"0 0 15.321 14.071\"><defs><style>      .cls-1 {        fill: #252a6a;        stroke: #fff;      }    <\/style><\/defs><path id=\"Union_2\" data-name=\"Union 2\" class=\"cls-1\" d=\"M4.911,14.006V5.875l-3.181,4.3L0,8.476,5.108,1.568l.025,0L6.355,0,7.627,1.643l.016,0L12.751,8.55l-1.73,1.7-3.3-4.462v8.217Z\" transform=\"translate(14.506 0.66) rotate(90)\"><\/path><\/svg>\t\t\t\t\t\t<\/span>\n\t\t\t\t\t\t\t\t\t\t<span class=\"elementor-icon-list-text\">Prise de poste <\/span>\n\t\t\t\t\t\t\t\t\t<\/li>\n\t\t\t\t\t\t\t\t<li class=\"elementor-icon-list-item\">\n\t\t\t\t\t\t\t\t\t\t\t<span class=\"elementor-icon-list-icon\">\n\t\t\t\t\t\t\t<svg xmlns=\"http:\/\/www.w3.org\/2000\/svg\" width=\"15.321\" height=\"14.071\" viewBox=\"0 0 15.321 14.071\"><defs><style>      .cls-1 {        fill: #252a6a;        stroke: #fff;      }    <\/style><\/defs><path id=\"Union_2\" data-name=\"Union 2\" class=\"cls-1\" d=\"M4.911,14.006V5.875l-3.181,4.3L0,8.476,5.108,1.568l.025,0L6.355,0,7.627,1.643l.016,0L12.751,8.55l-1.73,1.7-3.3-4.462v8.217Z\" transform=\"translate(14.506 0.66) rotate(90)\"><\/path><\/svg>\t\t\t\t\t\t<\/span>\n\t\t\t\t\t\t\t\t\t\t<span class=\"elementor-icon-list-text\">\u2009Changement de p\u00e9rim\u00e8tre de responsabilit\u00e9s<\/span>\n\t\t\t\t\t\t\t\t\t<\/li>\n\t\t\t\t\t\t\t\t<li class=\"elementor-icon-list-item\">\n\t\t\t\t\t\t\t\t\t\t\t<span class=\"elementor-icon-list-icon\">\n\t\t\t\t\t\t\t<svg xmlns=\"http:\/\/www.w3.org\/2000\/svg\" width=\"15.321\" height=\"14.071\" viewBox=\"0 0 15.321 14.071\"><defs><style>      .cls-1 {        fill: #252a6a;        stroke: #fff;      }    <\/style><\/defs><path id=\"Union_2\" data-name=\"Union 2\" class=\"cls-1\" d=\"M4.911,14.006V5.875l-3.181,4.3L0,8.476,5.108,1.568l.025,0L6.355,0,7.627,1.643l.016,0L12.751,8.55l-1.73,1.7-3.3-4.462v8.217Z\" transform=\"translate(14.506 0.66) rotate(90)\"><\/path><\/svg>\t\t\t\t\t\t<\/span>\n\t\t\t\t\t\t\t\t\t\t<span class=\"elementor-icon-list-text\">\u2009Repositionnement professionnel<\/span>\n\t\t\t\t\t\t\t\t\t<\/li>\n\t\t\t\t\t\t\t\t<li class=\"elementor-icon-list-item\">\n\t\t\t\t\t\t\t\t\t\t\t<span class=\"elementor-icon-list-icon\">\n\t\t\t\t\t\t\t<svg xmlns=\"http:\/\/www.w3.org\/2000\/svg\" width=\"15.321\" height=\"14.071\" viewBox=\"0 0 15.321 14.071\"><defs><style>      .cls-1 {        fill: #252a6a;        stroke: #fff;      }    <\/style><\/defs><path id=\"Union_2\" data-name=\"Union 2\" class=\"cls-1\" d=\"M4.911,14.006V5.875l-3.181,4.3L0,8.476,5.108,1.568l.025,0L6.355,0,7.627,1.643l.016,0L12.751,8.55l-1.73,1.7-3.3-4.462v8.217Z\" transform=\"translate(14.506 0.66) rotate(90)\"><\/path><\/svg>\t\t\t\t\t\t<\/span>\n\t\t\t\t\t\t\t\t\t\t<span class=\"elementor-icon-list-text\">\u2009D\u00e9veloppements sp\u00e9cifiques li\u00e9s \u00e0 la fonction (\u2009communication \/ d\u00e9l\u00e9gation \/ management :\u2009leadership\u2026\u2009)<\/span>\n\t\t\t\t\t\t\t\t\t<\/li>\n\t\t\t\t\t\t\t\t<li class=\"elementor-icon-list-item\">\n\t\t\t\t\t\t\t\t\t\t\t<span class=\"elementor-icon-list-icon\">\n\t\t\t\t\t\t\t<svg xmlns=\"http:\/\/www.w3.org\/2000\/svg\" width=\"15.321\" height=\"14.071\" viewBox=\"0 0 15.321 14.071\"><defs><style>      .cls-1 {        fill: #252a6a;        stroke: #fff;      }    <\/style><\/defs><path id=\"Union_2\" data-name=\"Union 2\" class=\"cls-1\" d=\"M4.911,14.006V5.875l-3.181,4.3L0,8.476,5.108,1.568l.025,0L6.355,0,7.627,1.643l.016,0L12.751,8.55l-1.73,1.7-3.3-4.462v8.217Z\" transform=\"translate(14.506 0.66) rotate(90)\"><\/path><\/svg>\t\t\t\t\t\t<\/span>\n\t\t\t\t\t\t\t\t\t\t<span class=\"elementor-icon-list-text\">Clarification des objectifs professionnels dans un contexte de changement<\/span>\n\t\t\t\t\t\t\t\t\t<\/li>\n\t\t\t\t\t\t\t\t<li class=\"elementor-icon-list-item\">\n\t\t\t\t\t\t\t\t\t\t\t<span class=\"elementor-icon-list-icon\">\n\t\t\t\t\t\t\t<svg xmlns=\"http:\/\/www.w3.org\/2000\/svg\" width=\"15.321\" height=\"14.071\" viewBox=\"0 0 15.321 14.071\"><defs><style>      .cls-1 {        fill: #252a6a;        stroke: #fff;      }    <\/style><\/defs><path id=\"Union_2\" data-name=\"Union 2\" class=\"cls-1\" d=\"M4.911,14.006V5.875l-3.181,4.3L0,8.476,5.108,1.568l.025,0L6.355,0,7.627,1.643l.016,0L12.751,8.55l-1.73,1.7-3.3-4.462v8.217Z\" transform=\"translate(14.506 0.66) rotate(90)\"><\/path><\/svg>\t\t\t\t\t\t<\/span>\n\t\t\t\t\t\t\t\t\t\t<span class=\"elementor-icon-list-text\">\u2009R\u00e9solution d\u2019une probl\u00e9matique sp\u00e9cifique<\/span>\n\t\t\t\t\t\t\t\t\t<\/li>\n\t\t\t\t\t\t<\/ul>\n\t\t\t\t\t\t<\/div>\n\t\t\t\t<\/div>\n\t\t\t\t\t<\/div>\n\t\t<\/div>\n\t\t\t\t\t<\/div>\n\t\t<\/section>\n\t\t\t\t<section class=\"elementor-section elementor-top-section elementor-element elementor-element-cf3a029 elementor-section-boxed elementor-section-height-default elementor-section-height-default\" data-id=\"cf3a029\" data-element_type=\"section\" data-settings=\"{&quot;background_motion_fx_translateY_effect&quot;:&quot;yes&quot;,&quot;background_motion_fx_translateY_speed&quot;:{&quot;unit&quot;:&quot;px&quot;,&quot;size&quot;:2,&quot;sizes&quot;:[]},&quot;background_motion_fx_translateY_affectedRange&quot;:{&quot;unit&quot;:&quot;%&quot;,&quot;size&quot;:&quot;&quot;,&quot;sizes&quot;:{&quot;start&quot;:0,&quot;end&quot;:100}},&quot;background_motion_fx_devices&quot;:[&quot;desktop&quot;,&quot;tablet&quot;,&quot;mobile&quot;]}\">\n\t\t\t\t\t\t<div class=\"elementor-container elementor-column-gap-default\">\n\t\t\t\t\t<div class=\"elementor-column elementor-col-100 elementor-top-column elementor-element elementor-element-725aa59\" data-id=\"725aa59\" data-element_type=\"column\" data-settings=\"{&quot;background_background&quot;:&quot;classic&quot;}\">\n\t\t\t<div class=\"elementor-widget-wrap elementor-element-populated\">\n\t\t\t\t\t\t<div class=\"elementor-element elementor-element-e32ba6b elementor-widget elementor-widget-heading\" data-id=\"e32ba6b\" data-element_type=\"widget\" data-widget_type=\"heading.default\">\n\t\t\t\t<div class=\"elementor-widget-container\">\n\t\t\t\t\t<h2 class=\"elementor-heading-title elementor-size-default\">Pourquoi ?<\/h2>\t\t\t\t<\/div>\n\t\t\t\t<\/div>\n\t\t\t\t<div class=\"elementor-element elementor-element-8a38223 elementor-icon-list--layout-traditional elementor-list-item-link-full_width elementor-widget elementor-widget-icon-list\" data-id=\"8a38223\" data-element_type=\"widget\" data-widget_type=\"icon-list.default\">\n\t\t\t\t<div class=\"elementor-widget-container\">\n\t\t\t\t\t\t\t<ul class=\"elementor-icon-list-items\">\n\t\t\t\t\t\t\t<li class=\"elementor-icon-list-item\">\n\t\t\t\t\t\t\t\t\t\t\t<span class=\"elementor-icon-list-icon\">\n\t\t\t\t\t\t\t<svg xmlns=\"http:\/\/www.w3.org\/2000\/svg\" width=\"15.321\" height=\"14.071\" viewBox=\"0 0 15.321 14.071\"><path id=\"Union_8\" data-name=\"Union 8\" d=\"M4.911,14.006V5.875l-3.181,4.3L0,8.476,5.108,1.568l.025,0L6.355,0,7.627,1.643l.016,0L12.751,8.55l-1.73,1.7-3.3-4.462v8.217Z\" transform=\"translate(14.506 0.66) rotate(90)\" fill=\"#fff\" stroke=\"#252a6a\" stroke-width=\"1\"><\/path><\/svg>\t\t\t\t\t\t<\/span>\n\t\t\t\t\t\t\t\t\t\t<span class=\"elementor-icon-list-text\">Aider \u00e0 la concr\u00e9tisation des ambitions professionnelles &amp; personnelles<\/span>\n\t\t\t\t\t\t\t\t\t<\/li>\n\t\t\t\t\t\t\t\t<li class=\"elementor-icon-list-item\">\n\t\t\t\t\t\t\t\t\t\t\t<span class=\"elementor-icon-list-icon\">\n\t\t\t\t\t\t\t<svg xmlns=\"http:\/\/www.w3.org\/2000\/svg\" width=\"15.321\" height=\"14.071\" viewBox=\"0 0 15.321 14.071\"><path id=\"Union_8\" data-name=\"Union 8\" d=\"M4.911,14.006V5.875l-3.181,4.3L0,8.476,5.108,1.568l.025,0L6.355,0,7.627,1.643l.016,0L12.751,8.55l-1.73,1.7-3.3-4.462v8.217Z\" transform=\"translate(14.506 0.66) rotate(90)\" fill=\"#fff\" stroke=\"#252a6a\" stroke-width=\"1\"><\/path><\/svg>\t\t\t\t\t\t<\/span>\n\t\t\t\t\t\t\t\t\t\t<span class=\"elementor-icon-list-text\">Accompagner le changement, aider \u00e0 faire \u00e9merger une situation future satisfaisante<\/span>\n\t\t\t\t\t\t\t\t\t<\/li>\n\t\t\t\t\t\t\t\t<li class=\"elementor-icon-list-item\">\n\t\t\t\t\t\t\t\t\t\t\t<span class=\"elementor-icon-list-icon\">\n\t\t\t\t\t\t\t<svg xmlns=\"http:\/\/www.w3.org\/2000\/svg\" width=\"15.321\" height=\"14.071\" viewBox=\"0 0 15.321 14.071\"><path id=\"Union_8\" data-name=\"Union 8\" d=\"M4.911,14.006V5.875l-3.181,4.3L0,8.476,5.108,1.568l.025,0L6.355,0,7.627,1.643l.016,0L12.751,8.55l-1.73,1.7-3.3-4.462v8.217Z\" transform=\"translate(14.506 0.66) rotate(90)\" fill=\"#fff\" stroke=\"#252a6a\" stroke-width=\"1\"><\/path><\/svg>\t\t\t\t\t\t<\/span>\n\t\t\t\t\t\t\t\t\t\t<span class=\"elementor-icon-list-text\">Engager l\u2019avenir en favorisant  l\u2019\u00e9mergence de solutions cr\u00e9atives et innovantes<\/span>\n\t\t\t\t\t\t\t\t\t<\/li>\n\t\t\t\t\t\t<\/ul>\n\t\t\t\t\t\t<\/div>\n\t\t\t\t<\/div>\n\t\t\t\t\t<\/div>\n\t\t<\/div>\n\t\t\t\t\t<\/div>\n\t\t<\/section>\n\t\t\t\t<section class=\"elementor-section elementor-top-section elementor-element elementor-element-a970504 elementor-section-boxed elementor-section-height-default elementor-section-height-default\" data-id=\"a970504\" data-element_type=\"section\">\n\t\t\t\t\t\t<div class=\"elementor-container elementor-column-gap-default\">\n\t\t\t\t\t<div class=\"elementor-column elementor-col-100 elementor-top-column elementor-element elementor-element-d93540b\" data-id=\"d93540b\" data-element_type=\"column\">\n\t\t\t<div class=\"elementor-widget-wrap elementor-element-populated\">\n\t\t\t\t\t\t<div class=\"elementor-element elementor-element-bb4bb59 elementor-widget elementor-widget-heading\" data-id=\"bb4bb59\" data-element_type=\"widget\" data-widget_type=\"heading.default\">\n\t\t\t\t<div class=\"elementor-widget-container\">\n\t\t\t\t\t<h2 class=\"elementor-heading-title elementor-size-default\">Comment ?<\/h2>\t\t\t\t<\/div>\n\t\t\t\t<\/div>\n\t\t\t\t<div class=\"elementor-element elementor-element-3691f87 elementor-widget elementor-widget-text-editor\" data-id=\"3691f87\" data-element_type=\"widget\" data-widget_type=\"text-editor.default\">\n\t\t\t\t<div class=\"elementor-widget-container\">\n\t\t\t\t\t\t\t\t\t<p>Par une d\u00e9marche dynamique et pragmatique (\u20098\u2009\u2013\u200912 s\u00e9ances de 1h15\u2009\u2013\u20091H30 environ\u2009) autour du contrat de coaching qui d\u00e9finit la situation de d\u00e9part et celle \u00e0 laquelle la personne souhaite parvenir.<\/p>\t\t\t\t\t\t\t\t<\/div>\n\t\t\t\t<\/div>\n\t\t\t\t\t<\/div>\n\t\t<\/div>\n\t\t\t\t\t<\/div>\n\t\t<\/section>\n\t\t\t\t<\/div>\n\t\t","protected":false},"excerpt":{"rendered":"<p>Coaching professionnel Exploiter le meilleur de soi, optimiser ses talents, avancer vers une version de soi-m\u00eame qui fait sens. Quoi ? Le coaching est un processus de \u00ab\u00a0d\u00e9s-alt\u00e9ration\u00a0\u00bb &#8211; selon Jean-Louis Fonvillars &#8211; qui accompagne et soutient la personne dans son questionnement et son incertitude : s&rsquo;ouvrir au possible, \u00e9clairer l&rsquo;invisible, r\u00e9fl\u00e9chir \u00e0 soi et [&hellip;]<\/p>\n","protected":false},"author":4,"featured_media":0,"parent":0,"menu_order":0,"comment_status":"closed","ping_status":"closed","template":"","meta":{"footnotes":""},"class_list":["post-121","page","type-page","status-publish","hentry"],"_links":{"self":[{"href":"https:\/\/coach-existentiel.fr\/index.php\/wp-json\/wp\/v2\/pages\/121","targetHints":{"allow":["GET"]}}],"collection":[{"href":"https:\/\/coach-existentiel.fr\/index.php\/wp-json\/wp\/v2\/pages"}],"about":[{"href":"https:\/\/coach-existentiel.fr\/index.php\/wp-json\/wp\/v2\/types\/page"}],"author":[{"embeddable":true,"href":"https:\/\/coach-existentiel.fr\/index.php\/wp-json\/wp\/v2\/users\/4"}],"replies":[{"embeddable":true,"href":"https:\/\/coach-existentiel.fr\/index.php\/wp-json\/wp\/v2\/comments?post=121"}],"version-history":[{"count":31,"href":"https:\/\/coach-existentiel.fr\/index.php\/wp-json\/wp\/v2\/pages\/121\/revisions"}],"predecessor-version":[{"id":546,"href":"https:\/\/coach-existentiel.fr\/index.php\/wp-json\/wp\/v2\/pages\/121\/revisions\/546"}],"wp:attachment":[{"href":"https:\/\/coach-existentiel.fr\/index.php\/wp-json\/wp\/v2\/media?parent=121"}],"curies":[{"name":"wp","href":"https:\/\/api.w.org\/{rel}","templated":true}]}}